{"id":92,"date":"2023-06-06T19:13:02","date_gmt":"2023-06-06T19:13:02","guid":{"rendered":"https:\/\/officeorca.de\/?page_id=92"},"modified":"2023-06-27T20:24:01","modified_gmt":"2023-06-27T20:24:01","slug":"funktionen","status":"publish","type":"page","link":"https:\/\/officeorca.de\/?page_id=92","title":{"rendered":"Funktionen"},"content":{"rendered":"\t\t<div data-elementor-type=\"wp-page\" data-elementor-id=\"92\" class=\"elementor elementor-92\">\n\t\t\t\t\t\t\t\t\t<section class=\"elementor-section elementor-top-section elementor-element elementor-element-dd96529 elementor-section-full_width elementor-section-height-default elementor-section-height-default\" data-id=\"dd96529\" data-element_type=\"section\">\n\t\t\t\t\t\t<div class=\"elementor-container elementor-column-gap-default\">\n\t\t\t\t\t<div class=\"elementor-column elementor-col-100 elementor-top-column elementor-element elementor-element-5af8fe9\" data-id=\"5af8fe9\" data-element_type=\"column\">\n\t\t\t<div class=\"elementor-widget-wrap\">\n\t\t\t\t\t\t\t\t\t<\/div>\n\t\t<\/div>\n\t\t\t\t\t\t\t<\/div>\n\t\t<\/section>\n\t\t\t\t<section class=\"elementor-section elementor-top-section elementor-element elementor-element-764f7f3 elementor-section-boxed elementor-section-height-default elementor-section-height-default\" data-id=\"764f7f3\" data-element_type=\"section\">\n\t\t\t\t\t\t<div class=\"elementor-container elementor-column-gap-default\">\n\t\t\t\t\t<div class=\"elementor-column elementor-col-100 elementor-top-column elementor-element elementor-element-6ed842e\" data-id=\"6ed842e\" data-element_type=\"column\">\n\t\t\t<div class=\"elementor-widget-wrap elementor-element-populated\">\n\t\t\t\t\t\t\t\t<div class=\"elementor-element elementor-element-d1618d9 elementor-widget elementor-widget-text-editor\" data-id=\"d1618d9\" data-element_type=\"widget\" data-widget_type=\"text-editor.default\">\n\t\t\t\t<div class=\"elementor-widget-container\">\n\t\t\t<style>\/*! elementor - v3.16.0 - 20-09-2023 *\/\n.elementor-widget-text-editor.elementor-drop-cap-view-stacked .elementor-drop-cap{background-color:#69727d;color:#fff}.elementor-widget-text-editor.elementor-drop-cap-view-framed .elementor-drop-cap{color:#69727d;border:3px solid;background-color:transparent}.elementor-widget-text-editor:not(.elementor-drop-cap-view-default) .elementor-drop-cap{margin-top:8px}.elementor-widget-text-editor:not(.elementor-drop-cap-view-default) .elementor-drop-cap-letter{width:1em;height:1em}.elementor-widget-text-editor .elementor-drop-cap{float:left;text-align:center;line-height:1;font-size:50px}.elementor-widget-text-editor .elementor-drop-cap-letter{display:inline-block}<\/style>\t\t\t\t<p>\n<table id=\"tablepress-1\" class=\"tablepress tablepress-id-1\">\n<thead>\n<tr class=\"row-1 odd\">\n\t<th class=\"column-1\"><strong>Funktion<\/strong><\/th><th class=\"column-2\"><strong>Englisch<\/strong><\/th><th class=\"column-3\"><strong>Kategorie<\/strong><\/th><th class=\"column-4\"><strong>Excel<\/strong><\/th><th class=\"column-5\"><strong>Beschreibung<\/strong><\/th><th class=\"column-6\"><strong>Syntax<\/strong><\/th>\n<\/tr>\n<\/thead>\n<tbody class=\"row-hover\">\n<tr class=\"row-2 even\">\n\t<td class=\"column-1\">HEUTE<\/td><td class=\"column-2\">TODAY<\/td><td class=\"column-3\">Datum &amp; Uhrzeit<\/td><td class=\"column-4\">2007<\/td><td class=\"column-5\">Gibt das aktuelle Datum wieder<\/td><td class=\"column-6\">=HEUTE()<\/td>\n<\/tr>\n<tr class=\"row-3 odd\">\n\t<td class=\"column-1\">DATUM<\/td><td class=\"column-2\">DATE<\/td><td class=\"column-3\">Datum &amp; Uhrzeit<\/td><td class=\"column-4\">2010<\/td><td class=\"column-5\">Bildet ein Datum aus drei vorgegeben Werten <\/td><td class=\"column-6\">=DATUM ( Jahr ; Monat ; Tag )<\/td>\n<\/tr>\n<tr class=\"row-4 even\">\n\t<td class=\"column-1\">TAG<\/td><td class=\"column-2\">DAY<\/td><td class=\"column-3\">Datum &amp; Uhrzeit<\/td><td class=\"column-4\">2010<\/td><td class=\"column-5\">Extrahiert den Tag eines Datums als ganze Zahl (1 bis 31)<\/td><td class=\"column-6\">=TAG ( Datum )<\/td>\n<\/tr>\n<tr class=\"row-5 odd\">\n\t<td class=\"column-1\">MONAT<\/td><td class=\"column-2\">MONTH<\/td><td class=\"column-3\">Datum &amp; Uhrzeit<\/td><td class=\"column-4\">2007<\/td><td class=\"column-5\">Extrahiert den Monat eines Datums als ganze Zahl (1 bis 12)<\/td><td class=\"column-6\">=MONAT( Datum )<\/td>\n<\/tr>\n<tr class=\"row-6 even\">\n\t<td class=\"column-1\">JAHR<\/td><td class=\"column-2\">YEAR<\/td><td class=\"column-3\">Datum &amp; Uhrzeit<\/td><td class=\"column-4\">2007<\/td><td class=\"column-5\">Extrahiert das Jahr eines Datums als ganze Zahl<\/td><td class=\"column-6\">=JAHR( Datum )<\/td>\n<\/tr>\n<tr class=\"row-7 odd\">\n\t<td class=\"column-1\">WOCHENTAG<\/td><td class=\"column-2\">WEEKDAY<\/td><td class=\"column-3\">Datum &amp; Uhrzeit<\/td><td class=\"column-4\">2007<\/td><td class=\"column-5\">Extrahiert den Wochentag aus einem Datum als ganze Zahle (0 bis 7)<\/td><td class=\"column-6\">=WOCHENTAG( Datum ; [Typ] )<\/td>\n<\/tr>\n<tr class=\"row-8 even\">\n\t<td class=\"column-1\">KALENDERWOCHE<\/td><td class=\"column-2\">WEEKNUM<\/td><td class=\"column-3\">Datum &amp; Uhrzeit<\/td><td class=\"column-4\">2007<\/td><td class=\"column-5\">Extrahiert die Kalenderwoche aus einem Datum; der Beginn einer Kalenderwoche kann vorgegeben werden<\/td><td class=\"column-6\">=KALENDERWOCHE( Datum ; [Zahl_Typ] )<\/td>\n<\/tr>\n<tr class=\"row-9 odd\">\n\t<td class=\"column-1\">ISOKALENDERWOCHE<\/td><td class=\"column-2\">ISOWEEKNUM<\/td><td class=\"column-3\">Datum &amp; Uhrzeit<\/td><td class=\"column-4\">2013<\/td><td class=\"column-5\">Extrahiert die Kalenderwoche aus einem Datum nach ISO-Standard <\/td><td class=\"column-6\">=ISOKALENDERWOCHE ( Datum )<\/td>\n<\/tr>\n<tr class=\"row-10 even\">\n\t<td class=\"column-1\">EDATUM<\/td><td class=\"column-2\">EDATE<\/td><td class=\"column-3\">Datum &amp; Uhrzeit<\/td><td class=\"column-4\">2007<\/td><td class=\"column-5\">Addiert oder subtrahiert Monate auf ein Ausgangsdatum<\/td><td class=\"column-6\">=EDATUM ( Ausgangsdatum ; Monate )<\/td>\n<\/tr>\n<tr class=\"row-11 odd\">\n\t<td class=\"column-1\">BRTEILJAHRE<\/td><td class=\"column-2\">YEARFRAC<\/td><td class=\"column-3\">Datum &amp; Uhrzeit<\/td><td class=\"column-4\">2007<\/td><td class=\"column-5\">Gibt den Zeitraum zwischen Ausgangs- und Enddatum als Bruchteil eines Jahrs wieder<\/td><td class=\"column-6\">=BRTEILJAHRE( Ausgangsdatum ; Enddatum ; [Basis] )<\/td>\n<\/tr>\n<tr class=\"row-12 even\">\n\t<td class=\"column-1\">DATEDIF<\/td><td class=\"column-2\">DATEDIF<\/td><td class=\"column-3\">Datum &amp; Uhrzeit<\/td><td class=\"column-4\">2010<\/td><td class=\"column-5\">Berechnet die Anzahl der Tage, Monate oder Jahre zwischen zwei Datumswerten<\/td><td class=\"column-6\">=DATEDIF ( Ausgangsdatum ; Enddatum ; Einheit )<\/td>\n<\/tr>\n<tr class=\"row-13 odd\">\n\t<td class=\"column-1\">TAGE360<\/td><td class=\"column-2\">DAYS360<\/td><td class=\"column-3\">Datum &amp; Uhrzeit<\/td><td class=\"column-4\">2007<\/td><td class=\"column-5\">Berechnet die Anzahl der Tage zwischen zwei Datumswerten (30\/360)<\/td><td class=\"column-6\">=TAGE360 ( Ausgangsdatum ; Enddatum ; [Methode] )<\/td>\n<\/tr>\n<tr class=\"row-14 even\">\n\t<td class=\"column-1\">TAGE<\/td><td class=\"column-2\">DAYS<\/td><td class=\"column-3\">Datum &amp; Uhrzeit<\/td><td class=\"column-4\">2013<\/td><td class=\"column-5\">Berechnet die Anzahl der Tage zwischen zwei Datumswerten<\/td><td class=\"column-6\">=TAGE ( Zieldatum , Ausgangsdatum )<\/td>\n<\/tr>\n<tr class=\"row-15 odd\">\n\t<td class=\"column-1\">NETTOARBEITSTAGE<\/td><td class=\"column-2\">NETWORKDAYS<\/td><td class=\"column-3\">Datum &amp; Uhrzeit<\/td><td class=\"column-4\">2007<\/td><td class=\"column-5\">Berechnet die Anzahl der Arbeitstage zwischen Ausgangs- und Enddatum; freie Tage k\u00f6nnen vorgegeben werden; Samstag und Sonntag werden nicht mitgez\u00e4hlt<\/td><td class=\"column-6\">=NETTOARBEITSTAGE( Ausgangsdatum ; Enddatum ; [Freie_Tage] )<\/td>\n<\/tr>\n<tr class=\"row-16 even\">\n\t<td class=\"column-1\">NETTOARBEITSTAGE.INTL<\/td><td class=\"column-2\">NETWORKDAYS.INTL<\/td><td class=\"column-3\">Datum &amp; Uhrzeit<\/td><td class=\"column-4\">2010<\/td><td class=\"column-5\">Berechnet die Anzahl der Arbeitstage zwischen Ausgangs- und Enddatum; Wochenendtage und freie Tage k\u00f6nnen vorgegeben werden<\/td><td class=\"column-6\">=NETTOARBEITSTAGE.INTL( Ausgangsdatum ; Enddatum ; [Wochenende] ; [Freie_Tage] )<\/td>\n<\/tr>\n<tr class=\"row-17 odd\">\n\t<td class=\"column-1\">MONATSENDE<\/td><td class=\"column-2\">EOMONTH<\/td><td class=\"column-3\">Datum &amp; Uhrzeit<\/td><td class=\"column-4\">2007<\/td><td class=\"column-5\">Ermittelt das Monatsende eines Datumswerts<\/td><td class=\"column-6\">=MONATSENDE ( Ausgangsdatum ; Monate )<\/td>\n<\/tr>\n<tr class=\"row-18 even\">\n\t<td class=\"column-1\">ARBEITSTAG<\/td><td class=\"column-2\">WORKDAY<\/td><td class=\"column-3\">Datum &amp; Uhrzeit<\/td><td class=\"column-4\">2007<\/td><td class=\"column-5\">Ermittelt das Enddatum basierend auf dem Ausgangsdatum und einer vorgegebenen Anzahl an Arbeitstagen<\/td><td class=\"column-6\">=ARBEITSTAG( Ausgangsdatum ; Tage ; [Freie_Tage] )<\/td>\n<\/tr>\n<tr class=\"row-19 odd\">\n\t<td class=\"column-1\">ARBEITSTAG.INTL<\/td><td class=\"column-2\">WORKDAY.INTL<\/td><td class=\"column-3\">Datum &amp; Uhrzeit<\/td><td class=\"column-4\">2010<\/td><td class=\"column-5\">Ermittelt das Enddatum basierend auf dem Ausgangsdatum und einer vorgegebenen Anzahl an Arbeitstagen; Wochenendtage k\u00f6nnen vorgegeben werden<\/td><td class=\"column-6\">=ARBEITSTAG.INTL( Ausgangsdatum ; Tage ; [Wochenende] ;[Freie_Tage] )<\/td>\n<\/tr>\n<tr class=\"row-20 even\">\n\t<td class=\"column-1\">DATWERT<\/td><td class=\"column-2\">DATEVALUE<\/td><td class=\"column-3\">Datum &amp; Uhrzeit<\/td><td class=\"column-4\">2010<\/td><td class=\"column-5\">Konvertiert ein als Text vorliegendes Datum in eine Zahl<\/td><td class=\"column-6\">=DATWERT ( Datum )<\/td>\n<\/tr>\n<tr class=\"row-21 odd\">\n\t<td class=\"column-1\">JETZT<\/td><td class=\"column-2\">NOW<\/td><td class=\"column-3\">Datum &amp; Uhrzeit<\/td><td class=\"column-4\">2007<\/td><td class=\"column-5\">Gibt das aktuelle Datum samt Uhrzeit wieder<\/td><td class=\"column-6\">=JETZT()<\/td>\n<\/tr>\n<tr class=\"row-22 even\">\n\t<td class=\"column-1\">ZEIT<\/td><td class=\"column-2\">TIME<\/td><td class=\"column-3\">Datum &amp; Uhrzeit<\/td><td class=\"column-4\">2007<\/td><td class=\"column-5\">Bildet eine Uhrzeit aus drei vorgegeben Werten <\/td><td class=\"column-6\">=ZEIT( Stunde ; Minute ; Sekunde )<\/td>\n<\/tr>\n<tr class=\"row-23 odd\">\n\t<td class=\"column-1\">SEKUNDE<\/td><td class=\"column-2\">SECOND<\/td><td class=\"column-3\">Datum &amp; Uhrzeit<\/td><td class=\"column-4\">2007<\/td><td class=\"column-5\">Extrahiert die Sekunde aus einer Uhrzeit als ganze Zahl (0 bis 59)<\/td><td class=\"column-6\">=SEKUNDE( Uhrzeit )<\/td>\n<\/tr>\n<tr class=\"row-24 even\">\n\t<td class=\"column-1\">MINUTE<\/td><td class=\"column-2\">MINUTE<\/td><td class=\"column-3\">Datum &amp; Uhrzeit<\/td><td class=\"column-4\">2007<\/td><td class=\"column-5\">Extrahiert die Minute aus einer Uhrzeit als ganze Zahl (0 bis 59)<\/td><td class=\"column-6\">=MINUTE ( Uhrzeit )<\/td>\n<\/tr>\n<tr class=\"row-25 odd\">\n\t<td class=\"column-1\">STUNDE<\/td><td class=\"column-2\">HOUR<\/td><td class=\"column-3\">Datum &amp; Uhrzeit<\/td><td class=\"column-4\">2007<\/td><td class=\"column-5\">Extrahiert die Stunde aus einer Uhrzeit als ganze Zahl (0 bis 23)<\/td><td class=\"column-6\">=STUNDE ( Uhrzeit )<\/td>\n<\/tr>\n<tr class=\"row-26 even\">\n\t<td class=\"column-1\">ZEITWERT<\/td><td class=\"column-2\">TIMEVALUE<\/td><td class=\"column-3\">Datum &amp; Uhrzeit<\/td><td class=\"column-4\">2007<\/td><td class=\"column-5\">Konvertiert eine als Text vorliegende Uhrzeit in eine Zahl<\/td><td class=\"column-6\">=ZEITWERT( Uhrzeit )<\/td>\n<\/tr>\n<tr class=\"row-27 odd\">\n\t<td class=\"column-1\">UND<\/td><td class=\"column-2\">AND<\/td><td class=\"column-3\">Logik<\/td><td class=\"column-4\">2007<\/td><td class=\"column-5\">Pr\u00fcft, ob alle Wahrheitswerte WAHR ergeben<\/td><td class=\"column-6\">=UND( Wahrheitswert1 ; [Wahrheitswert2] ; \u2026 )<\/td>\n<\/tr>\n<tr class=\"row-28 even\">\n\t<td class=\"column-1\">NACHSPALTE<\/td><td class=\"column-2\">BYCOL<\/td><td class=\"column-3\">Logik<\/td><td class=\"column-4\">365<\/td><td class=\"column-5\">Wendet eine LAMBDA-Funktion auf jede Spalte an und gibt ein Array der Ergebnisse zur\u00fcck<\/td><td class=\"column-6\">=NACHZEILE( Array ; [Funktion] )<\/td>\n<\/tr>\n<tr class=\"row-29 odd\">\n\t<td class=\"column-1\">NACHZEILE<\/td><td class=\"column-2\">BYROW<\/td><td class=\"column-3\">Logik<\/td><td class=\"column-4\">365<\/td><td class=\"column-5\">Wendet eine LAMBDA-Funktion auf jede Zeile an und gibt ein Array der Ergebnisse zur\u00fcck<\/td><td class=\"column-6\">=NACHZEILE( Array ; [Funktion] )<\/td>\n<\/tr>\n<tr class=\"row-30 even\">\n\t<td class=\"column-1\"><\/td><td class=\"column-2\">FALSE<\/td><td class=\"column-3\">Logik<\/td><td class=\"column-4\">2007<\/td><td class=\"column-5\">Gibt den Wahrheitswert FALSCH zur\u00fcck<\/td><td class=\"column-6\">=FALSCH<\/td>\n<\/tr>\n<tr class=\"row-31 odd\">\n\t<td class=\"column-1\">WENN<\/td><td class=\"column-2\">IF<\/td><td class=\"column-3\">Logik<\/td><td class=\"column-4\">2003<\/td><td class=\"column-5\">F\u00fchrt einen Wahrheitstest durch und gibt einen bestimmten Wert aus abh\u00e4ngig davon, ob der Wahrheitstest WAHR oder FALSCH ergibt<\/td><td class=\"column-6\">=WENN( Wahrheitstest ; [Wert_wenn_wahr] ; [Wert_wenn_falsch] )<\/td>\n<\/tr>\n<tr class=\"row-32 even\">\n\t<td class=\"column-1\">WENNFEHLER<\/td><td class=\"column-2\">IFERROR<\/td><td class=\"column-3\">Logik<\/td><td class=\"column-4\">2007<\/td><td class=\"column-5\">Sofern eine Fehlermeldung ausgegeben wird, wird diese durch einen vorgegebenen Wert ersetzt<\/td><td class=\"column-6\">=WENNFEHLER( Wert ; Wert_falls_Fehler )<\/td>\n<\/tr>\n<tr class=\"row-33 odd\">\n\t<td class=\"column-1\">WENNNV<\/td><td class=\"column-2\">IFNA<\/td><td class=\"column-3\">Logik<\/td><td class=\"column-4\">2013<\/td><td class=\"column-5\">Sofern die Fehlermeldung #NV ausgegeben wird, wird diese durch einen vorgegebenen Wert ersetzt<\/td><td class=\"column-6\">=WENNNV( Wert; Wert_bei_NV )<\/td>\n<\/tr>\n<tr class=\"row-34 even\">\n\t<td class=\"column-1\">WENNS<\/td><td class=\"column-2\">IFS<\/td><td class=\"column-3\">Logik<\/td><td class=\"column-4\">2019<\/td><td class=\"column-5\">Sofern der Wahrheitstest1 WAHR ergibt, wird ein vorgegebener Wert1 ausgegeben; ansonsten wird der n\u00e4chste Wahrheitstest durchgef\u00fchrt<\/td><td class=\"column-6\">=WENNS( Wahrheitstest1 ; Wert_wenn_wahr1 ; &#8230;)<\/td>\n<\/tr>\n<tr class=\"row-35 odd\">\n\t<td class=\"column-1\">LAMBDA<\/td><td class=\"column-2\">LAMBDA<\/td><td class=\"column-3\">Logik<\/td><td class=\"column-4\">365<\/td><td class=\"column-5\">Erstellt benutzerdefinierte wiederverwendare Funktionen<\/td><td class=\"column-6\">=LAMBDA( Paramenter_oder_Berechnung1 ; \u2026 )<\/td>\n<\/tr>\n<tr class=\"row-36 even\">\n\t<td class=\"column-1\">LET<\/td><td class=\"column-2\">LET<\/td><td class=\"column-3\">Logik<\/td><td class=\"column-4\">2021<\/td><td class=\"column-5\">Weist Berechnungsergebnissen benutzerdefinierte Namen; diese k\u00f6nnen in der selben Formel durch den Namen angesprochen werden (verk\u00fcrzt die Formel)<\/td><td class=\"column-6\">=LET( Name1 ; Name_Wert1 ; Berechnung_oder_Name2 ;  [Name_Wert2] ; &#8230;)<\/td>\n<\/tr>\n<tr class=\"row-37 odd\">\n\t<td class=\"column-1\">MATRIXERSTELLEN<\/td><td class=\"column-2\">MAKEARRAY<\/td><td class=\"column-3\">Logik<\/td><td class=\"column-4\">365<\/td><td class=\"column-5\">Gibt ein berechnetes Array einer angegebenen Zeilen- und Spaltengr\u00f6\u00dfe zur\u00fcck, indem ein LAMBDA angewendet wird<\/td><td class=\"column-6\">=MATRIXERSTELLEN( Zeilen ; Spalten ; Funktion )<\/td>\n<\/tr>\n<tr class=\"row-38 even\">\n\t<td class=\"column-1\">MAP<\/td><td class=\"column-2\">MAP<\/td><td class=\"column-3\">Logik<\/td><td class=\"column-4\">365<\/td><td class=\"column-5\">Gibt ein Array zur\u00fcck, das durch Zuordnung jedes Werts in den Arrays zu einem neuen Wert gebildet wird, indem eine LAMBDA angewendet wird, um einen neuen Wert zu erstellen<\/td><td class=\"column-6\">=MAP( Array ; Lambda_or_Array2 ; \u2026 )<\/td>\n<\/tr>\n<tr class=\"row-39 odd\">\n\t<td class=\"column-1\">NICHT<\/td><td class=\"column-2\">NOT<\/td><td class=\"column-3\">Logik<\/td><td class=\"column-4\">2007<\/td><td class=\"column-5\">Kehrt den Wahrheitswert um<\/td><td class=\"column-6\">=NICHT(Wahrheitswert)<\/td>\n<\/tr>\n<tr class=\"row-40 even\">\n\t<td class=\"column-1\">ODER<\/td><td class=\"column-2\">OR<\/td><td class=\"column-3\">Logik<\/td><td class=\"column-4\">2007<\/td><td class=\"column-5\">Pr\u00fcft, ob mindestens ein Wahrheitswert WAHR ergibt<\/td><td class=\"column-6\">=ODER( Wahrheitswert1 ; Wahrheitswert2 ; \u2026 )<\/td>\n<\/tr>\n<tr class=\"row-41 odd\">\n\t<td class=\"column-1\">REDUCE<\/td><td class=\"column-2\">REDUCE<\/td><td class=\"column-3\">Logik<\/td><td class=\"column-4\">365<\/td><td class=\"column-5\">Reduziert ein Array auf einen akkumulierten Wert, indem ein LAMBDAauf jeden Wert angewendet und der Gesamtwert im Akkumulator zur\u00fcckgegeben wird<\/td><td class=\"column-6\">=REDUCE( initial_value ; Array ; Funktion )<\/td>\n<\/tr>\n<tr class=\"row-42 even\">\n\t<td class=\"column-1\">SCAN<\/td><td class=\"column-2\">SCAN<\/td><td class=\"column-3\">Logik<\/td><td class=\"column-4\">365<\/td><td class=\"column-5\">Scannt ein Array, indem ein LAMBDA auf jeden Wert angewendet wird, und gibt ein Array zur\u00fcck, das \u00fcber jeden Zwischenwert verf\u00fcgt<\/td><td class=\"column-6\">=SCAN( initial_value ; Array ; Funktion )<\/td>\n<\/tr>\n<tr class=\"row-43 odd\">\n\t<td class=\"column-1\">ERSTERWERT<\/td><td class=\"column-2\">SWITCH<\/td><td class=\"column-3\">Logik<\/td><td class=\"column-4\">2019<\/td><td class=\"column-5\">Scannt ein Array, indem ein LAMBDA auf jeden Wert angewendet wird, und gibt ein Array zur\u00fcck, das \u00fcber jeden Zwischenwert verf\u00fcgt<\/td><td class=\"column-6\">=ERSTERWERT( Ausdruck ; Wert1 ; Ergebnis1 ; Standard_oder_Wert2 ; Ergebnis2 ; \u2026 )<\/td>\n<\/tr>\n<tr class=\"row-44 even\">\n\t<td class=\"column-1\">WAHR<\/td><td class=\"column-2\">TRUE<\/td><td class=\"column-3\">Logik<\/td><td class=\"column-4\">2007<\/td><td class=\"column-5\">Gibt den Wahrheitswert WAHR zur\u00fcck<\/td><td class=\"column-6\">=WAHR<\/td>\n<\/tr>\n<tr class=\"row-45 odd\">\n\t<td class=\"column-1\">XODER<\/td><td class=\"column-2\">XOR<\/td><td class=\"column-3\">Logik<\/td><td class=\"column-4\">2013<\/td><td class=\"column-5\">Gibt WAHR aus wenn nur ein Wahrheitswert WAHR ergibt<\/td><td class=\"column-6\">=XODER( Wahrheitswert1 ; Wahrheitswert2 ; \u2026 )<\/td>\n<\/tr>\n<\/tbody>\n<\/table>\n<!-- #tablepress-1 from cache --><\/p>\t\t\t\t\t\t<\/div>\n\t\t\t\t<\/div>\n\t\t\t\t\t<\/div>\n\t\t<\/div>\n\t\t\t\t\t\t\t<\/div>\n\t\t<\/section>\n\t\t\t\t\t\t\t<\/div>\n\t\t","protected":false},"excerpt":{"rendered":"","protected":false},"author":2,"featured_media":0,"parent":0,"menu_order":0,"comment_status":"closed","ping_status":"closed","template":"","meta":{"footnotes":""},"_links":{"self":[{"href":"https:\/\/officeorca.de\/index.php?rest_route=\/wp\/v2\/pages\/92"}],"collection":[{"href":"https:\/\/officeorca.de\/index.php?rest_route=\/wp\/v2\/pages"}],"about":[{"href":"https:\/\/officeorca.de\/index.php?rest_route=\/wp\/v2\/types\/page"}],"author":[{"embeddable":true,"href":"https:\/\/officeorca.de\/index.php?rest_route=\/wp\/v2\/users\/2"}],"replies":[{"embeddable":true,"href":"https:\/\/officeorca.de\/index.php?rest_route=%2Fwp%2Fv2%2Fcomments&post=92"}],"version-history":[{"count":37,"href":"https:\/\/officeorca.de\/index.php?rest_route=\/wp\/v2\/pages\/92\/revisions"}],"predecessor-version":[{"id":199,"href":"https:\/\/officeorca.de\/index.php?rest_route=\/wp\/v2\/pages\/92\/revisions\/199"}],"wp:attachment":[{"href":"https:\/\/officeorca.de\/index.php?rest_route=%2Fwp%2Fv2%2Fmedia&parent=92"}],"curies":[{"name":"wp","href":"https:\/\/api.w.org\/{rel}","templated":true}]}}