{"id":43,"date":"2023-05-23T20:46:08","date_gmt":"2023-05-23T20:46:08","guid":{"rendered":"https:\/\/officeorca.de\/?page_id=43"},"modified":"2023-05-30T20:04:40","modified_gmt":"2023-05-30T20:04:40","slug":"startseite","status":"publish","type":"page","link":"https:\/\/officeorca.de\/","title":{"rendered":"Startseite"},"content":{"rendered":"\t\t<div data-elementor-type=\"wp-page\" data-elementor-id=\"43\" class=\"elementor elementor-43\">\n\t\t\t\t\t\t\t\t\t<section class=\"elementor-section elementor-top-section elementor-element elementor-element-c6c8f49 elementor-section-boxed elementor-section-height-default elementor-section-height-default\" data-id=\"c6c8f49\" data-element_type=\"section\">\n\t\t\t\t\t\t<div class=\"elementor-container elementor-column-gap-default\">\n\t\t\t\t\t<div class=\"elementor-column elementor-col-100 elementor-top-column elementor-element elementor-element-3ccb3e9\" data-id=\"3ccb3e9\" data-element_type=\"column\">\n\t\t\t<div class=\"elementor-widget-wrap elementor-element-populated\">\n\t\t\t\t\t\t\t\t<div class=\"elementor-element elementor-element-053e4fb elementor-widget elementor-widget-heading\" data-id=\"053e4fb\" data-element_type=\"widget\" data-widget_type=\"heading.default\">\n\t\t\t\t<div class=\"elementor-widget-container\">\n\t\t\t<style>\/*! elementor - v3.16.0 - 20-09-2023 *\/\n.elementor-heading-title{padding:0;margin:0;line-height:1}.elementor-widget-heading .elementor-heading-title[class*=elementor-size-]>a{color:inherit;font-size:inherit;line-height:inherit}.elementor-widget-heading .elementor-heading-title.elementor-size-small{font-size:15px}.elementor-widget-heading .elementor-heading-title.elementor-size-medium{font-size:19px}.elementor-widget-heading .elementor-heading-title.elementor-size-large{font-size:29px}.elementor-widget-heading .elementor-heading-title.elementor-size-xl{font-size:39px}.elementor-widget-heading .elementor-heading-title.elementor-size-xxl{font-size:59px}<\/style><h2 class=\"elementor-heading-title elementor-size-default\">Willkommen auf unserer Webseite rund um Bewerbungsschreiben, Lebensl\u00e4ufe und Vorlagen!<\/h2>\t\t<\/div>\n\t\t\t\t<\/div>\n\t\t\t\t<div class=\"elementor-element elementor-element-bc19222 elementor-widget elementor-widget-text-editor\" data-id=\"bc19222\" data-element_type=\"widget\" data-widget_type=\"text-editor.default\">\n\t\t\t\t<div class=\"elementor-widget-container\">\n\t\t\t<style>\/*! elementor - v3.16.0 - 20-09-2023 *\/\n.elementor-widget-text-editor.elementor-drop-cap-view-stacked .elementor-drop-cap{background-color:#69727d;color:#fff}.elementor-widget-text-editor.elementor-drop-cap-view-framed .elementor-drop-cap{color:#69727d;border:3px solid;background-color:transparent}.elementor-widget-text-editor:not(.elementor-drop-cap-view-default) .elementor-drop-cap{margin-top:8px}.elementor-widget-text-editor:not(.elementor-drop-cap-view-default) .elementor-drop-cap-letter{width:1em;height:1em}.elementor-widget-text-editor .elementor-drop-cap{float:left;text-align:center;line-height:1;font-size:50px}.elementor-widget-text-editor .elementor-drop-cap-letter{display:inline-block}<\/style>\t\t\t\t<p>Hier findest du alle Informationen und Ressourcen, die du ben\u00f6tigst, um deine Bewerbung auf das n\u00e4chste Level zu bringen. Egal, ob du dich gerade erst auf dem Arbeitsmarkt befindest oder bereits Erfahrung gesammelt hast und nun nach neuen Herausforderungen suchst, wir sind hier, um dir zu helfen.<\/p><p>Ein \u00fcberzeugendes Bewerbungsschreiben ist der erste Schritt, um potenzielle Arbeitgeber von deinen F\u00e4higkeiten und Qualifikationen zu \u00fcberzeugen. Wir bieten dir wertvolle Tipps, Anleitungen und Beispiele, wie du deine St\u00e4rken optimal pr\u00e4sentierst und einen bleibenden Eindruck hinterl\u00e4sst.<\/p><p>Der Lebenslauf ist ein weiteres entscheidendes Element deiner Bewerbung. Wir zeigen dir, wie du deinen Lebenslauf strukturiert und \u00fcbersichtlich gestaltest, damit du dich von der Konkurrenz abhebst. Ob du nach einer klassischen oder modernen Vorlage suchst, bei uns findest du vielf\u00e4ltige Muster, die du ganz einfach an deine individuellen Bed\u00fcrfnisse anpassen kannst.<br>Neben Bewerbungsschreiben und Lebensl\u00e4ufen bieten wir dir auch wertvolle Ratschl\u00e4ge zur Vorbereitung auf Vorstellungsgespr\u00e4che, Tipps zur Jobsuche und Informationen zu verschiedenen Karrierethemen. Unser Ziel ist es, dich bestm\u00f6glich bei deinem beruflichen Erfolg zu unterst\u00fctzen.<\/p><p>Wir laden dich ein, dich auf unserer Webseite umzuschauen, durch unsere umfangreiche Sammlung von Ressourcen zu st\u00f6bern und von unserem Fachwissen zu profitieren. Wir sind \u00fcberzeugt, dass du hier wertvolle Informationen und Inspiration findest, um deine Bewerbung zu optimieren und deine Karriereziele zu erreichen.<\/p>\n<p>Viel Erfolg bei deiner Bewerbung und herzlich willkommen bei uns!<\/p>\t\t\t\t\t\t<\/div>\n\t\t\t\t<\/div>\n\t\t\t\t\t<\/div>\n\t\t<\/div>\n\t\t\t\t\t\t\t<\/div>\n\t\t<\/section>\n\t\t\t\t\t\t\t<\/div>\n\t\t","protected":false},"excerpt":{"rendered":"<p>Willkommen auf unserer Webseite rund um Bewerbungsschreiben, Lebensl\u00e4ufe und Vorlagen! Hier findest du alle Informationen und Ressourcen, die du ben\u00f6tigst, um deine Bewerbung auf das n\u00e4chste Level zu bringen. Egal, ob du dich gerade erst auf dem Arbeitsmarkt befindest oder bereits Erfahrung gesammelt hast und nun nach neuen Herausforderungen suchst, wir sind hier, um dir [&hellip;]<\/p>\n","protected":false},"author":2,"featured_media":0,"parent":0,"menu_order":0,"comment_status":"closed","ping_status":"closed","template":"","meta":{"footnotes":""},"_links":{"self":[{"href":"https:\/\/officeorca.de\/index.php?rest_route=\/wp\/v2\/pages\/43"}],"collection":[{"href":"https:\/\/officeorca.de\/index.php?rest_route=\/wp\/v2\/pages"}],"about":[{"href":"https:\/\/officeorca.de\/index.php?rest_route=\/wp\/v2\/types\/page"}],"author":[{"embeddable":true,"href":"https:\/\/officeorca.de\/index.php?rest_route=\/wp\/v2\/users\/2"}],"replies":[{"embeddable":true,"href":"https:\/\/officeorca.de\/index.php?rest_route=%2Fwp%2Fv2%2Fcomments&post=43"}],"version-history":[{"count":10,"href":"https:\/\/officeorca.de\/index.php?rest_route=\/wp\/v2\/pages\/43\/revisions"}],"predecessor-version":[{"id":87,"href":"https:\/\/officeorca.de\/index.php?rest_route=\/wp\/v2\/pages\/43\/revisions\/87"}],"wp:attachment":[{"href":"https:\/\/officeorca.de\/index.php?rest_route=%2Fwp%2Fv2%2Fmedia&parent=43"}],"curies":[{"name":"wp","href":"https:\/\/api.w.org\/{rel}","templated":true}]}}